{"id":15,"date":"2022-12-22T23:24:14","date_gmt":"2022-12-23T02:24:14","guid":{"rendered":"http:\/\/institutopatriciabalbi.com.br\/?page_id=15"},"modified":"2023-02-19T16:38:06","modified_gmt":"2023-02-19T19:38:06","slug":"home","status":"publish","type":"page","link":"https:\/\/institutopatriciabalbi.com.br\/","title":{"rendered":"Home"},"content":{"rendered":"\t\t<div data-elementor-type=\"wp-page\" data-elementor-id=\"15\" class=\"elementor elementor-15\">\n\t\t\t\t\t\t\t\t\t<section class=\"elementor-section elementor-top-section elementor-element elementor-element-17d34959 elementor-section-stretched elementor-section-boxed elementor-section-height-default elementor-section-height-default wpr-particle-no wpr-jarallax-no wpr-parallax-no wpr-sticky-section-no\" data-id=\"17d34959\" data-element_type=\"section\" data-settings=\"{&quot;stretch_section&quot;:&quot;section-stretched&quot;}\">\n\t\t\t\t\t\t<div class=\"elementor-container elementor-column-gap-default\">\n\t\t\t\t\t<div class=\"elementor-column elementor-col-100 elementor-top-column elementor-element elementor-element-72ee16c4\" data-id=\"72ee16c4\" data-element_type=\"column\">\n\t\t\t<div class=\"elementor-widget-wrap elementor-element-populated\">\n\t\t\t\t\t\t\t\t<div class=\"elementor-element elementor-element-5f44ac78 elementor-widget elementor-widget-text-editor\" data-id=\"5f44ac78\" data-element_type=\"widget\" data-widget_type=\"text-editor.default\">\n\t\t\t\t<div class=\"elementor-widget-container\">\n\t\t\t<style>\/*! elementor - v3.9.2 - 21-12-2022 *\/\n.elementor-widget-text-editor.elementor-drop-cap-view-stacked .elementor-drop-cap{background-color:#818a91;color:#fff}.elementor-widget-text-editor.elementor-drop-cap-view-framed .elementor-drop-cap{color:#818a91;border:3px solid;background-color:transparent}.elementor-widget-text-editor:not(.elementor-drop-cap-view-default) .elementor-drop-cap{margin-top:8px}.elementor-widget-text-editor:not(.elementor-drop-cap-view-default) .elementor-drop-cap-letter{width:1em;height:1em}.elementor-widget-text-editor .elementor-drop-cap{float:left;text-align:center;line-height:1;font-size:50px}.elementor-widget-text-editor .elementor-drop-cap-letter{display:inline-block}<\/style>\t\t\t\t<!-- wp:cover {\"overlayColor\":\"white\",\"align\":\"full\",\"className\":\"hestia-clear-top-padding\"} -->\n<div class=\"wp-block-cover alignfull has-white-background-color has-background-dim hestia-clear-top-padding\">\n<div class=\"wp-block-cover__inner-container\"><!-- wp:heading {\"textAlign\":\"center\",\"style\":{\"color\":{\"text\":\"#3c4858\"}}} -->\n<h2 _msttexthash=\"2958904\" _msthash=\"6072\"><\/h2>\n<h2 class=\"has-text-align-center has-text-color\" style=\"color: #3c4858;\" _msttexthash=\"2958904\" _msthash=\"6072\">Somos focados em PESSOAS<\/h2>\n<!-- \/wp:heading --><!-- wp:spacer {\"height\":40} -->\n<div style=\"height: 40px;\" aria-hidden=\"true\" class=\"wp-block-spacer\"><\/div>\n<!-- \/wp:spacer --><!-- wp:columns {\"className\":\"container\"} -->\n<div class=\"wp-block-columns container\"><!-- wp:column -->\n<div class=\"wp-block-column\"><!-- wp:image {\"align\":\"center\",\"id\":70,\"sizeSlug\":\"large\",\"linkDestination\":\"none\"} -->\n<div class=\"wp-block-image\">\n<figure class=\"aligncenter size-large\"><img loading=\"lazy\" decoding=\"async\" src=\"http:\/\/institutopatriciabalbi.com.br\/wp-content\/uploads\/2023\/02\/equipe-300x300.webp\" alt=\"\" width=\"112\" height=\"112\" class=\"alignnone  wp-image-1765\" srcset=\"https:\/\/institutopatriciabalbi.com.br\/wp-content\/uploads\/2023\/02\/equipe-300x300.webp 300w, https:\/\/institutopatriciabalbi.com.br\/wp-content\/uploads\/2023\/02\/equipe-150x150.webp 150w, https:\/\/institutopatriciabalbi.com.br\/wp-content\/uploads\/2023\/02\/equipe-768x768.webp 768w, https:\/\/institutopatriciabalbi.com.br\/wp-content\/uploads\/2023\/02\/equipe.webp 826w\" sizes=\"auto, (max-width: 112px) 100vw, 112px\" \/><\/figure>\n<\/div>\n<!-- \/wp:image --><!-- wp:heading {\"textAlign\":\"center\",\"level\":5,\"style\":{\"color\":{\"text\":\"#3c4858\"},\"typography\":{\"fontSize\":18}}} -->\n<h5 class=\"has-text-align-center has-text-color\" style=\"color: #3c4858; font-size: 18px;\" _msttexthash=\"134901\" _msthash=\"6073\">Time Engajado<\/h5>\n<!-- \/wp:heading --><!-- wp:paragraph {\"align\":\"center\",\"style\":{\"color\":{\"text\":\"#999999\"},\"typography\":{\"fontSize\":14}}} -->\n<p class=\"has-text-align-center has-text-color\" style=\"color: #999999; font-size: 14px;\" _msttexthash=\"8471190\" _msthash=\"6074\"><span>Time feliz gera engajamento<\/span><br \/><span>Engajamento gera cliente feliz<\/span><br \/><span>E cliente feliz gera vendas para sua empresa.<\/span><br \/><br \/><\/p>\n<!-- \/wp:paragraph --><!-- wp:spacer {\"height\":25} -->\n<div style=\"height: 25px;\" aria-hidden=\"true\" class=\"wp-block-spacer\"><\/div>\n<!-- \/wp:spacer --><\/div>\n<!-- \/wp:column --><!-- wp:column -->\n<div class=\"wp-block-column\"><!-- wp:image {\"align\":\"center\",\"id\":71,\"sizeSlug\":\"large\",\"linkDestination\":\"none\"} -->\n<div class=\"wp-block-image\">\n<figure class=\"aligncenter size-large\"><img loading=\"lazy\" decoding=\"async\" src=\"http:\/\/institutopatriciabalbi.com.br\/wp-content\/uploads\/2023\/02\/ilustracao-do-conceito-de-equipe-criativa_114360-3894-300x200.webp\" alt=\"\" width=\"200\" height=\"134\" class=\"alignnone  wp-image-1773\" srcset=\"https:\/\/institutopatriciabalbi.com.br\/wp-content\/uploads\/2023\/02\/ilustracao-do-conceito-de-equipe-criativa_114360-3894-300x200.webp 300w, https:\/\/institutopatriciabalbi.com.br\/wp-content\/uploads\/2023\/02\/ilustracao-do-conceito-de-equipe-criativa_114360-3894-1024x683.webp 1024w, https:\/\/institutopatriciabalbi.com.br\/wp-content\/uploads\/2023\/02\/ilustracao-do-conceito-de-equipe-criativa_114360-3894-768x512.webp 768w, https:\/\/institutopatriciabalbi.com.br\/wp-content\/uploads\/2023\/02\/ilustracao-do-conceito-de-equipe-criativa_114360-3894-360x240.webp 360w, https:\/\/institutopatriciabalbi.com.br\/wp-content\/uploads\/2023\/02\/ilustracao-do-conceito-de-equipe-criativa_114360-3894.webp 1380w\" sizes=\"auto, (max-width: 200px) 100vw, 200px\" \/><\/figure>\n<\/div>\n<!-- \/wp:image --><!-- wp:heading {\"textAlign\":\"center\",\"level\":5,\"style\":{\"color\":{\"text\":\"#3c4858\"},\"typography\":{\"fontSize\":18}}} -->\n<h5 class=\"has-text-align-center has-text-color\" style=\"color: #3c4858; font-size: 18px;\" _msttexthash=\"129831\" _msthash=\"6075\">F\u00f3rmula do Sucesso<\/h5>\n<!-- \/wp:heading --><!-- wp:paragraph {\"align\":\"center\",\"style\":{\"color\":{\"text\":\"#999999\"},\"typography\":{\"fontSize\":14}}} -->\n<p class=\"has-text-align-center has-text-color\" style=\"color: #999999; font-size: 14px;\" _msttexthash=\"8471190\" _msthash=\"6076\"><span>\u00c9 ESSENCIAL investir em estrat\u00e9gias para capacitar e incentivar seus L\u00cdDERES.<\/span><br \/><br \/><\/p>\n<!-- \/wp:paragraph --><!-- wp:spacer {\"height\":25} -->\n<div style=\"height: 25px;\" aria-hidden=\"true\" class=\"wp-block-spacer\"><\/div>\n<!-- \/wp:spacer --><\/div>\n<!-- \/wp:column --><!-- wp:column -->\n<div class=\"wp-block-column\"><!-- wp:image {\"align\":\"center\",\"id\":72,\"sizeSlug\":\"large\",\"linkDestination\":\"none\"} -->\n<div class=\"wp-block-image\">\n<figure class=\"aligncenter size-large\"><img loading=\"lazy\" decoding=\"async\" src=\"http:\/\/institutopatriciabalbi.com.br\/wp-content\/uploads\/2023\/02\/lider-300x300.webp\" alt=\"\" width=\"156\" height=\"156\" class=\"alignnone  wp-image-1774\" srcset=\"https:\/\/institutopatriciabalbi.com.br\/wp-content\/uploads\/2023\/02\/lider-300x300.webp 300w, https:\/\/institutopatriciabalbi.com.br\/wp-content\/uploads\/2023\/02\/lider-150x150.webp 150w, https:\/\/institutopatriciabalbi.com.br\/wp-content\/uploads\/2023\/02\/lider-768x768.webp 768w, https:\/\/institutopatriciabalbi.com.br\/wp-content\/uploads\/2023\/02\/lider.webp 826w\" sizes=\"auto, (max-width: 156px) 100vw, 156px\" \/><\/figure>\n<\/div>\n<!-- \/wp:image --><!-- wp:heading {\"textAlign\":\"center\",\"level\":5,\"style\":{\"color\":{\"text\":\"#3c4858\"},\"typography\":{\"fontSize\":18}}} -->\n<h5 class=\"has-text-align-center has-text-color\" style=\"color: #3c4858; font-size: 18px;\" _msttexthash=\"60073\" _msthash=\"6077\">Qualidade do L\u00edder<\/h5>\n<!-- \/wp:heading --><!-- wp:paragraph {\"align\":\"center\",\"style\":{\"color\":{\"text\":\"#999999\"},\"typography\":{\"fontSize\":14}}} -->\n<p class=\"has-text-align-center has-text-color\" style=\"color: #999999; font-size: 14px;\" _msttexthash=\"8471190\" _msthash=\"6078\"><span>70% do n\u00edvel de engajamento dos colaboradores \u00e9 atribu\u00eddo \u00e0 qualidade do l\u00edder.<\/span><\/p>\n<!-- \/wp:paragraph --><!-- wp:spacer {\"height\":25} -->\n<div style=\"height: 25px;\" aria-hidden=\"true\" class=\"wp-block-spacer\"><\/div>\n<\/div>\n<\/div>\n<\/div>\n<\/div>\n<div class=\"wp-block-columns container\">\n<div class=\"wp-block-column col-md-5\">\n<h2 _msttexthash=\"301054\" _msthash=\"6079\">SOBRE OS RESULTADOS&#8230;<\/h2>\n<!-- \/wp:heading --><!-- wp:paragraph -->\n<p _msttexthash=\"9032699\" _msthash=\"6080\"><span _msttexthash=\"4538053\" _msthash=\"6170\">Para conquistar resultados significativos \u00e9 IMPRESCIND\u00cdVEL qualificar seus l\u00edderes.<\/span><\/p>\n<!-- \/wp:paragraph --><\/div>\n<!-- \/wp:column --><!-- wp:column {\"className\":\"col-md-6 col-md-offset1\"} -->\n<div class=\"wp-block-column col-md-6 col-md-offset1\"><!-- wp:spacer {\"height\":55} -->\n<div style=\"height: 55px;\" aria-hidden=\"true\" class=\"wp-block-spacer\"><\/div>\n<!-- \/wp:spacer --><!-- wp:image {\"id\":81,\"sizeSlug\":\"large\",\"linkDestination\":\"none\"} -->\n<figure class=\"wp-block-image size-large\"><img loading=\"lazy\" decoding=\"async\" src=\"http:\/\/institutopatriciabalbi.com.br\/wp-content\/uploads\/2023\/02\/7692473-300x194.png\" alt=\"\" width=\"300\" height=\"194\" class=\"alignnone size-medium wp-image-1780\" srcset=\"https:\/\/institutopatriciabalbi.com.br\/wp-content\/uploads\/2023\/02\/7692473-300x194.png 300w, https:\/\/institutopatriciabalbi.com.br\/wp-content\/uploads\/2023\/02\/7692473-1024x663.png 1024w, https:\/\/institutopatriciabalbi.com.br\/wp-content\/uploads\/2023\/02\/7692473-768x498.png 768w, https:\/\/institutopatriciabalbi.com.br\/wp-content\/uploads\/2023\/02\/7692473.png 1451w\" sizes=\"auto, (max-width: 300px) 100vw, 300px\" \/><\/figure>\n<!-- \/wp:image --><!-- wp:paragraph -->\n<p><\/p>\n<!-- \/wp:paragraph --><\/div>\n<!-- \/wp:column --><\/div>\n<!-- \/wp:columns -->\t\t\t\t\t\t<\/div>\n\t\t\t\t<\/div>\n\t\t\t\t\t<\/div>\n\t\t<\/div>\n\t\t\t\t\t\t\t<\/div>\n\t\t<\/section>\n\t\t\t\t\t\t\t<\/div>\n\t\t","protected":false},"excerpt":{"rendered":"","protected":false},"author":1,"featured_media":47,"parent":0,"menu_order":0,"comment_status":"closed","ping_status":"closed","template":"","meta":{"footnotes":""},"class_list":["post-15","page","type-page","status-publish","has-post-thumbnail","hentry"],"_links":{"self":[{"href":"https:\/\/institutopatriciabalbi.com.br\/index.php?rest_route=\/wp\/v2\/pages\/15","targetHints":{"allow":["GET"]}}],"collection":[{"href":"https:\/\/institutopatriciabalbi.com.br\/index.php?rest_route=\/wp\/v2\/pages"}],"about":[{"href":"https:\/\/institutopatriciabalbi.com.br\/index.php?rest_route=\/wp\/v2\/types\/page"}],"author":[{"embeddable":true,"href":"https:\/\/institutopatriciabalbi.com.br\/index.php?rest_route=\/wp\/v2\/users\/1"}],"replies":[{"embeddable":true,"href":"https:\/\/institutopatriciabalbi.com.br\/index.php?rest_route=%2Fwp%2Fv2%2Fcomments&post=15"}],"version-history":[{"count":70,"href":"https:\/\/institutopatriciabalbi.com.br\/index.php?rest_route=\/wp\/v2\/pages\/15\/revisions"}],"predecessor-version":[{"id":1783,"href":"https:\/\/institutopatriciabalbi.com.br\/index.php?rest_route=\/wp\/v2\/pages\/15\/revisions\/1783"}],"wp:featuredmedia":[{"embeddable":true,"href":"https:\/\/institutopatriciabalbi.com.br\/index.php?rest_route=\/wp\/v2\/media\/47"}],"wp:attachment":[{"href":"https:\/\/institutopatriciabalbi.com.br\/index.php?rest_route=%2Fwp%2Fv2%2Fmedia&parent=15"}],"curies":[{"name":"wp","href":"https:\/\/api.w.org\/{rel}","templated":true}]}}